{"id":3433,"date":"2023-06-09T06:45:00","date_gmt":"2023-06-09T06:45:00","guid":{"rendered":"http:\/\/interlang.es\/request-a-demo\/"},"modified":"2024-01-30T15:16:07","modified_gmt":"2024-01-30T15:16:07","slug":"request-a-demo","status":"publish","type":"page","link":"https:\/\/interlang.es\/en\/request-a-demo\/","title":{"rendered":"Request a DEMO"},"content":{"rendered":"\t\t<div data-elementor-type=\"wp-page\" data-elementor-id=\"3433\" class=\"elementor elementor-3433 elementor-2394\">\n\t\t\t\t\t\t\t<div class=\"elementor-element elementor-element-68dde05 e-con-boxed e-con\" data-id=\"68dde05\" data-element_type=\"container\" data-settings=\"{&quot;content_width&quot;:&quot;boxed&quot;}\">\n\t\t\t\t\t<div class=\"e-con-inner\">\n\t\t<div class=\"elementor-element elementor-element-ac40bbe e-con-full e-con\" data-id=\"ac40bbe\" data-element_type=\"container\" data-settings=\"{&quot;content_width&quot;:&quot;full&quot;}\">\n\t\t\t\t<div class=\"elementor-element elementor-element-7458edc elementor-widget elementor-widget-heading\" data-id=\"7458edc\" data-element_type=\"widget\" data-widget_type=\"heading.default\">\n\t\t\t\t<div class=\"elementor-widget-container\">\n\t\t\t<h2 class=\"elementor-heading-title elementor-size-default\">Request a DEMO<\/h2>\t\t<\/div>\n\t\t\t\t<\/div>\n\t\t\t\t<div class=\"elementor-element elementor-element-5130bef elementor-widget elementor-widget-text-editor\" data-id=\"5130bef\" data-element_type=\"widget\" data-widget_type=\"text-editor.default\">\n\t\t\t\t<div class=\"elementor-widget-container\">\n\t\t\t\t\t\t\t<p>Estrecho de Mesina, 13<br \/>28043, Madrid<\/p>\n\t\t\t\t\t\t<\/div>\n\t\t\t\t<\/div>\n\t\t\t\t<div class=\"elementor-element elementor-element-ff54d14 elementor-icon-list--layout-traditional elementor-list-item-link-full_width elementor-widget elementor-widget-icon-list\" data-id=\"ff54d14\" data-element_type=\"widget\" data-widget_type=\"icon-list.default\">\n\t\t\t\t<div class=\"elementor-widget-container\">\n\t\t\t\t\t<ul class=\"elementor-icon-list-items\">\n\t\t\t\t\t\t\t<li class=\"elementor-icon-list-item\">\n\t\t\t\t\t\t\t\t\t\t\t<a href=\"tel:\/\/+34915158422\">\n\n\t\t\t\t\t\t\t\t\t\t\t\t<span class=\"elementor-icon-list-icon\">\n\t\t\t\t\t\t\t<i aria-hidden=\"true\" class=\"fas fa-network-wired\"><\/i>\t\t\t\t\t\t<\/span>\n\t\t\t\t\t\t\t\t\t\t<span class=\"elementor-icon-list-text\">+34 91 515 84 22<\/span>\n\t\t\t\t\t\t\t\t\t\t\t<\/a>\n\t\t\t\t\t\t\t\t\t<\/li>\n\t\t\t\t\t\t\t\t<li class=\"elementor-icon-list-item\">\n\t\t\t\t\t\t\t\t\t\t\t<span class=\"elementor-icon-list-icon\">\n\t\t\t\t\t\t\t<i aria-hidden=\"true\" class=\"fas fa-network-wired\"><\/i>\t\t\t\t\t\t<\/span>\n\t\t\t\t\t\t\t\t\t\t<span class=\"elementor-icon-list-text\">hola@interlang.es<\/span>\n\t\t\t\t\t\t\t\t\t<\/li>\n\t\t\t\t\t\t<\/ul>\n\t\t\t\t<\/div>\n\t\t\t\t<\/div>\n\t\t\t\t<div class=\"elementor-element elementor-element-2f3b42f elementor-widget elementor-widget-jet-form-builder-form\" data-id=\"2f3b42f\" data-element_type=\"widget\" data-widget_type=\"jet-form-builder-form.default\">\n\t\t\t\t<div class=\"elementor-widget-container\">\n\t\t\t<style id=\"jet-form-builder-3444-inline-css\"><\/style><form class=\"jet-form-builder layout-column submit-type-reload\" action=\"https:\/\/interlang.es\/en\/wp-json\/wp\/v2\/pages\/3433\/?jet_form_builder_submit=submit&amp;method=reload\" method=\"POST\" data-form-id=\"3444\" data-layout=\"column\" enctype=\"multipart\/form-data\" novalidate=\"\">\r\n\r\n<input type=\"hidden\" name=\"_jfb_current_render_states[]\" value=\"DEFAULT.STATE\" data-jfb-sync \/><input type=\"hidden\" class=\"jet-form-builder__field hidden-field\" name=\"_jet_engine_booking_form_id\" data-field-name=\"_jet_engine_booking_form_id\" value=\"3444\">\r\n<input type=\"hidden\" class=\"jet-form-builder__field hidden-field\" name=\"_jet_engine_refer\" data-field-name=\"_jet_engine_refer\" value=\"https:\/\/interlang.es\/en\/wp-json\/wp\/v2\/pages\/3433\/\">\r\n<input type=\"hidden\" class=\"jet-form-builder__field hidden-field\" name=\"__queried_post_id\" data-field-name=\"__queried_post_id\" value=\"3433\">\r\n<div class=\"jet-form-builder-row field-type-text-field\">\r\n\n<div class=\"jet-form-builder__field-wrap\">\r\n    <input placeholder=\"Full name\" name=\"text_name\" id=\"text_name\" type=\"text\" data-field-name=\"text_name\" class=\"jet-form-builder__field text-field\" data-jfb-sync=\"\">\r\n\t<\/div>\n<\/div>\r\n\n\n<div class=\"jet-form-builder-row field-type-text-field\">\r\n\n<div class=\"jet-form-builder__field-wrap\">\r\n    <input placeholder=\"Email\" name=\"field_email\" id=\"field_email\" type=\"email\" data-field-name=\"field_email\" class=\"jet-form-builder__field text-field\" data-jfb-sync=\"\">\r\n\t<\/div>\n<\/div>\r\n\n\n<div class=\"jet-form-builder-row field-type-text-field\">\r\n\n<div class=\"jet-form-builder__field-wrap\">\r\n    <input placeholder=\"Phone\" name=\"field_phone\" id=\"field_phone\" type=\"tel\" data-field-name=\"field_phone\" class=\"jet-form-builder__field text-field\" data-jfb-sync=\"\">\r\n\t<\/div>\n<\/div>\r\n\n\n<div class=\"jet-form-builder-row field-type-text-field\">\r\n\n<div class=\"jet-form-builder__field-wrap\">\r\n    <input placeholder=\"Organization\" name=\"field_organitation\" id=\"field_organitation\" type=\"text\" data-field-name=\"field_organitation\" class=\"jet-form-builder__field text-field\" data-jfb-sync=\"\">\r\n\t<\/div>\n<\/div>\r\n\n\n<div class=\"jet-form-builder-row field-type-text-field\">\r\n\n<div class=\"jet-form-builder__field-wrap\">\r\n    <input placeholder=\"Job\" name=\"field_cargo\" id=\"field_cargo\" type=\"text\" data-field-name=\"field_cargo\" class=\"jet-form-builder__field text-field\" data-jfb-sync=\"\">\r\n\t<\/div>\n<\/div>\r\n\n\n<div class=\"jet-form-builder-row field-type-textarea-field\">\r\n\n<div class=\"jet-form-builder__field-wrap\">\r\n    <textarea class=\"jet-form-builder__field textarea-field\" placeholder=\"Message\" name=\"field_message\" data-field-name=\"field_message\" id=\"field_message\" data-jfb-sync=\"\"><\/textarea>\r\n<\/div>\n<\/div>\r\n\n\n<div data-value=\"[{&quot;id&quot;:4969,&quot;conditions&quot;:[{&quot;__visible&quot;:true,&quot;value&quot;:&quot;&quot;}],&quot;to_set&quot;:&quot;aaaaa&quot;}]\" class=\"jet-form-builder-row field-type-checkbox-field\">\r\n\n<div class=\"jet-form-builder__fields-group checkradio-wrap\">\t\t<div class=\"jet-form-builder__field-wrap checkboxes-wrap checkradio-wrap\">\r\n\t\t\t\t\t\t<label class=\"jet-form-builder__field-label for-checkbox\">\r\n\t\t\t\t<input\r\n\t\t\t\t\t\ttype=\"checkbox\"\r\n\t\t\t\t\t\tname=\"acepto_la_politica_de_privacidad_y\"\r\n\t\t\t\t\tclass=\"jet-form-builder__field checkboxes-field checkradio-field\" required=\"required\" data-jfb-sync=\"\"\t\t\t\t\t\tvalue=\"aceptacion-politica\"\r\n\t\t\t\t\t\tdata-field-name=\"acepto_la_politica_de_privacidad_y\"\r\n\t\t\t\t\t\t\t\t\t>\r\n\t\t\t\t<span>I accept the Privacy and Data Use Policy<\/span>\r\n\t\t\t<\/label>\r\n\t\t<\/div>\r\n\t\t<\/div><div class=\"jet-form-builder__desc\"><small>In compliance with article 10 of Law 34\/2002, of July 11, on Information Society Services and Electronic Commerce, the company's identifying data is set out below.<\/small><\/div>\n<\/div>\r\n\n\n<div class=\"jet-form-builder-row field-type-submit-field\">\r\n\n\t<div data-type=\"submit\" class=\"jet-form-builder__action-button-wrapper jet-form-builder__submit-wrap\">\r\n\t<button class=\"jet-form-builder__action-button jet-form-builder__submit submit-type-reload\" type=\"submit\">Submit<\/button>\r\n\t<\/div>\r\n\t\n<\/div>\r\n        <input type=\"hidden\" class=\"captcha-token\" name=\"_captcha_token\" value=\"\">\r\n\t\t\t<div class=\"jet-form-builder-messages-wrap\" data-form-id=\"3444\"><\/div>\r\n<\/form>\r\n\t\t<\/div>\n\t\t\t\t<\/div>\n\t\t\t\t<\/div>\n\t\t<div class=\"elementor-element elementor-element-0a775de e-con-full e-con\" data-id=\"0a775de\" data-element_type=\"container\" data-settings=\"{&quot;content_width&quot;:&quot;full&quot;}\">\n\t\t\t\t<div class=\"elementor-element elementor-element-688bbd0 elementor-widget elementor-widget-image\" data-id=\"688bbd0\" data-element_type=\"widget\" data-widget_type=\"image.default\">\n\t\t\t\t<div class=\"elementor-widget-container\">\n\t\t\t\t\t\t\t\t\t\t\t\t\t\t\t<img decoding=\"async\" width=\"737\" height=\"1024\" src=\"https:\/\/interlang.es\/wp-content\/uploads\/2023\/06\/solicitar-demo-interlnag-737x1024.jpg\" class=\"attachment-large size-large wp-image-2401\" alt=\"\" srcset=\"https:\/\/interlang.es\/wp-content\/uploads\/2023\/06\/solicitar-demo-interlnag-737x1024.jpg 737w, https:\/\/interlang.es\/wp-content\/uploads\/2023\/06\/solicitar-demo-interlnag-216x300.jpg 216w, https:\/\/interlang.es\/wp-content\/uploads\/2023\/06\/solicitar-demo-interlnag-768x1067.jpg 768w, https:\/\/interlang.es\/wp-content\/uploads\/2023\/06\/solicitar-demo-interlnag.jpg 813w\" sizes=\"(max-width: 737px) 100vw, 737px\" \/>\t\t\t\t\t\t\t\t\t\t\t\t\t\t\t<\/div>\n\t\t\t\t<\/div>\n\t\t\t\t<\/div>\n\t\t\t\t\t<\/div>\n\t\t\t\t<\/div>\n\t\t\t\t\t\t\t<\/div>\n\t\t","protected":false},"excerpt":{"rendered":"<p>Request a DEMO Estrecho de Mesina, 1328043, Madrid +34 91 515 84 22 hola@interlang.es Acepto la Pol\u00edtica de Privacidad y Uso de Datos En cumplimiento del art\u00edculo 10 de la Ley 34\/2002, de 11 de julio, de Servicios de la Sociedad de la Informaci\u00f3n y Comercio Electr\u00f3nico, a continuaci\u00f3n, se exponen los datos identificativos de [&hellip;]<\/p>\n","protected":false},"author":5,"featured_media":0,"parent":0,"menu_order":0,"comment_status":"closed","ping_status":"closed","template":"","meta":{"_joinchat":[]},"yoast_head":"<!-- This site is optimized with the Yoast SEO Premium plugin v20.6 (Yoast SEO v20.6) - https:\/\/yoast.com\/wordpress\/plugins\/seo\/ -->\n<title>Request a DEMO - Interlang<\/title>\n<meta name=\"robots\" content=\"index, follow, max-snippet:-1, max-image-preview:large, max-video-preview:-1\" \/>\n<link rel=\"canonical\" href=\"http:\/\/interlang.es\/en\/request-a-demo\/\" \/>\n<meta property=\"og:locale\" content=\"en_US\" \/>\n<meta property=\"og:type\" content=\"article\" \/>\n<meta property=\"og:title\" content=\"Request a DEMO\" \/>\n<meta property=\"og:description\" content=\"Request a DEMO Estrecho de Mesina, 1328043, Madrid +34 91 515 84 22 hola@interlang.es Acepto la Pol\u00edtica de Privacidad y Uso de Datos En cumplimiento del art\u00edculo 10 de la Ley 34\/2002, de 11 de julio, de Servicios de la Sociedad de la Informaci\u00f3n y Comercio Electr\u00f3nico, a continuaci\u00f3n, se exponen los datos identificativos de [&hellip;]\" \/>\n<meta property=\"og:url\" content=\"http:\/\/interlang.es\/en\/request-a-demo\/\" \/>\n<meta property=\"og:site_name\" content=\"Interlang\" \/>\n<meta property=\"article:modified_time\" content=\"2024-01-30T15:16:07+00:00\" \/>\n<meta property=\"og:image\" content=\"http:\/\/interlang.es\/wp-content\/uploads\/2023\/06\/solicitar-demo-interlnag-737x1024.jpg\" \/>\n<meta name=\"twitter:card\" content=\"summary_large_image\" \/>\n<meta name=\"twitter:label1\" content=\"Est. reading time\" \/>\n\t<meta name=\"twitter:data1\" content=\"1 minute\" \/>\n<script type=\"application\/ld+json\" class=\"yoast-schema-graph\">{\"@context\":\"https:\/\/schema.org\",\"@graph\":[{\"@type\":\"WebPage\",\"@id\":\"http:\/\/interlang.es\/en\/request-a-demo\/\",\"url\":\"http:\/\/interlang.es\/en\/request-a-demo\/\",\"name\":\"Request a DEMO - Interlang\",\"isPartOf\":{\"@id\":\"https:\/\/interlang.es\/#website\"},\"datePublished\":\"2023-06-09T06:45:00+00:00\",\"dateModified\":\"2024-01-30T15:16:07+00:00\",\"breadcrumb\":{\"@id\":\"http:\/\/interlang.es\/en\/request-a-demo\/#breadcrumb\"},\"inLanguage\":\"en-US\",\"potentialAction\":[{\"@type\":\"ReadAction\",\"target\":[\"http:\/\/interlang.es\/en\/request-a-demo\/\"]}]},{\"@type\":\"BreadcrumbList\",\"@id\":\"http:\/\/interlang.es\/en\/request-a-demo\/#breadcrumb\",\"itemListElement\":[{\"@type\":\"ListItem\",\"position\":1,\"name\":\"Portada\",\"item\":\"http:\/\/interlang.es\/en\/\"},{\"@type\":\"ListItem\",\"position\":2,\"name\":\"Request a DEMO\"}]},{\"@type\":\"WebSite\",\"@id\":\"https:\/\/interlang.es\/#website\",\"url\":\"https:\/\/interlang.es\/\",\"name\":\"Interlang\",\"description\":\"Just another WordPress site\",\"publisher\":{\"@id\":\"https:\/\/interlang.es\/#organization\"},\"potentialAction\":[{\"@type\":\"SearchAction\",\"target\":{\"@type\":\"EntryPoint\",\"urlTemplate\":\"https:\/\/interlang.es\/?s={search_term_string}\"},\"query-input\":\"required name=search_term_string\"}],\"inLanguage\":\"en-US\"},{\"@type\":\"Organization\",\"@id\":\"https:\/\/interlang.es\/#organization\",\"name\":\"Interlang\",\"url\":\"https:\/\/interlang.es\/\",\"logo\":{\"@type\":\"ImageObject\",\"inLanguage\":\"en-US\",\"@id\":\"https:\/\/interlang.es\/#\/schema\/logo\/image\/\",\"url\":\"https:\/\/interlang.es\/wp-content\/uploads\/2023\/05\/Logo_Interlang_Herencia_Reducido.png\",\"contentUrl\":\"https:\/\/interlang.es\/wp-content\/uploads\/2023\/05\/Logo_Interlang_Herencia_Reducido.png\",\"width\":1120,\"height\":321,\"caption\":\"Interlang\"},\"image\":{\"@id\":\"https:\/\/interlang.es\/#\/schema\/logo\/image\/\"}}]}<\/script>\n<!-- \/ Yoast SEO Premium plugin. -->","yoast_head_json":{"title":"Request a DEMO - Interlang","robots":{"index":"index","follow":"follow","max-snippet":"max-snippet:-1","max-image-preview":"max-image-preview:large","max-video-preview":"max-video-preview:-1"},"canonical":"http:\/\/interlang.es\/en\/request-a-demo\/","og_locale":"en_US","og_type":"article","og_title":"Request a DEMO","og_description":"Request a DEMO Estrecho de Mesina, 1328043, Madrid +34 91 515 84 22 hola@interlang.es Acepto la Pol\u00edtica de Privacidad y Uso de Datos En cumplimiento del art\u00edculo 10 de la Ley 34\/2002, de 11 de julio, de Servicios de la Sociedad de la Informaci\u00f3n y Comercio Electr\u00f3nico, a continuaci\u00f3n, se exponen los datos identificativos de [&hellip;]","og_url":"http:\/\/interlang.es\/en\/request-a-demo\/","og_site_name":"Interlang","article_modified_time":"2024-01-30T15:16:07+00:00","og_image":[{"url":"http:\/\/interlang.es\/wp-content\/uploads\/2023\/06\/solicitar-demo-interlnag-737x1024.jpg"}],"twitter_card":"summary_large_image","twitter_misc":{"Est. reading time":"1 minute"},"schema":{"@context":"https:\/\/schema.org","@graph":[{"@type":"WebPage","@id":"http:\/\/interlang.es\/en\/request-a-demo\/","url":"http:\/\/interlang.es\/en\/request-a-demo\/","name":"Request a DEMO - Interlang","isPartOf":{"@id":"https:\/\/interlang.es\/#website"},"datePublished":"2023-06-09T06:45:00+00:00","dateModified":"2024-01-30T15:16:07+00:00","breadcrumb":{"@id":"http:\/\/interlang.es\/en\/request-a-demo\/#breadcrumb"},"inLanguage":"en-US","potentialAction":[{"@type":"ReadAction","target":["http:\/\/interlang.es\/en\/request-a-demo\/"]}]},{"@type":"BreadcrumbList","@id":"http:\/\/interlang.es\/en\/request-a-demo\/#breadcrumb","itemListElement":[{"@type":"ListItem","position":1,"name":"Portada","item":"http:\/\/interlang.es\/en\/"},{"@type":"ListItem","position":2,"name":"Request a DEMO"}]},{"@type":"WebSite","@id":"https:\/\/interlang.es\/#website","url":"https:\/\/interlang.es\/","name":"Interlang","description":"Just another WordPress site","publisher":{"@id":"https:\/\/interlang.es\/#organization"},"potentialAction":[{"@type":"SearchAction","target":{"@type":"EntryPoint","urlTemplate":"https:\/\/interlang.es\/?s={search_term_string}"},"query-input":"required name=search_term_string"}],"inLanguage":"en-US"},{"@type":"Organization","@id":"https:\/\/interlang.es\/#organization","name":"Interlang","url":"https:\/\/interlang.es\/","logo":{"@type":"ImageObject","inLanguage":"en-US","@id":"https:\/\/interlang.es\/#\/schema\/logo\/image\/","url":"https:\/\/interlang.es\/wp-content\/uploads\/2023\/05\/Logo_Interlang_Herencia_Reducido.png","contentUrl":"https:\/\/interlang.es\/wp-content\/uploads\/2023\/05\/Logo_Interlang_Herencia_Reducido.png","width":1120,"height":321,"caption":"Interlang"},"image":{"@id":"https:\/\/interlang.es\/#\/schema\/logo\/image\/"}}]}},"_links":{"self":[{"href":"https:\/\/interlang.es\/en\/wp-json\/wp\/v2\/pages\/3433"}],"collection":[{"href":"https:\/\/interlang.es\/en\/wp-json\/wp\/v2\/pages"}],"about":[{"href":"https:\/\/interlang.es\/en\/wp-json\/wp\/v2\/types\/page"}],"author":[{"embeddable":true,"href":"https:\/\/interlang.es\/en\/wp-json\/wp\/v2\/users\/5"}],"replies":[{"embeddable":true,"href":"https:\/\/interlang.es\/en\/wp-json\/wp\/v2\/comments?post=3433"}],"version-history":[{"count":4,"href":"https:\/\/interlang.es\/en\/wp-json\/wp\/v2\/pages\/3433\/revisions"}],"predecessor-version":[{"id":3450,"href":"https:\/\/interlang.es\/en\/wp-json\/wp\/v2\/pages\/3433\/revisions\/3450"}],"wp:attachment":[{"href":"https:\/\/interlang.es\/en\/wp-json\/wp\/v2\/media?parent=3433"}],"curies":[{"name":"wp","href":"https:\/\/api.w.org\/{rel}","templated":true}]}}